
{"id":26,"date":"2021-05-24T21:43:27","date_gmt":"2021-05-24T21:43:27","guid":{"rendered":"http:\/\/10.58.30.17\/?page_id=26"},"modified":"2026-02-20T14:04:49","modified_gmt":"2026-02-20T14:04:49","slug":"vertragliche-hinweise","status":"publish","type":"page","link":"https:\/\/carisma.auto\/?page_id=26","title":{"rendered":"Vertragliche Hinweise"},"content":{"rendered":"\n<h2 class=\"wp-block-heading\">Vertragliche Hinweise<\/h2>\n\n\n\n<p>Sehr geehrter&nbsp;CARISMA&nbsp;Kunde!<\/p>\n\n\n\n<p>Bitte beachten Sie folgende rechtliche Hinweise:<\/p>\n\n\n\n<p><strong>Hinweise zum Vertragsabschluss<\/strong><\/p>\n\n\n\n<p>Ihr Antrag stellt ein Angebot an uns zum Abschluss eines Versicherungsvertrages dar. Durch Ausf\u00fcllen der notwendigen Felder und Abschicken Ihrer Informationen durch Anklicken des Buttons \u201eWeiter zur eVB und Ihrem Versicherungsantrag\u201c haben Sie ein f\u00fcr Sie verbindliches Angebot zum Abschluss eines Kfz-Versicherungsvertrages bei uns get\u00e4tigt.<br>Ihre Angaben k\u00f6nnen Sie vor Absenden des Antrages noch einmal \u00fcberpr\u00fcfen und bei Bedarf korrigieren. Ihr Antrag und die Vertragsbedingungen werden Ihnen an Ihre angegebene E-Mail-Adresse zugeschickt.<br>Dies stellt noch keine Annahme des Versicherungsantrages dar, sondern soll Sie lediglich dar\u00fcber informieren, dass wir Ihren Antrag erhalten haben.<br>Nachdem Sie uns die zus\u00e4tzlichen Dokumente, die wir von Ihnen auf&nbsp;CARISMA.auto erbeten haben oder mittels E-Mail abfragen, zugesendet haben, pr\u00fcfen wir Ihren Antrag. Der Versicherungsvertrag kommt durch Zusendung des Versicherungsscheins an Sie zustande.<\/p>\n\n\n\n<p><strong>Vorvertragliche Anzeigepflicht<\/strong><\/p>\n\n\n\n<p>Damit Ihr Versicherungsantrag ordnungsgem\u00e4\u00df gepr\u00fcft werden kann, ist es notwendig, dass Sie die nachfolgenden Fragen vollst\u00e4ndig und wahrheitsgem\u00e4\u00df beantworten. Sie gef\u00e4hrden Ihren Versicherungsschutz, wenn Sie die Fragen unvollst\u00e4ndig oder nicht wahrheitsgem\u00e4\u00df beantworten. Einzelheiten zur vorvertraglichen Anzeigepflicht und den Folgen einer Anzeigepflichtverletzung k\u00f6nnen Sie der Kundeninformation unter A. 8. entnehmen.<\/p>\n\n\n\n<p><strong>Widerrufsinformation<\/strong><\/p>\n\n\n\n<p>Widerrufsrecht<br>Sie k\u00f6nnen Ihre Vertragserkl\u00e4rung innerhalb von 14 Tagen ohne Angabe von Gr\u00fcnden in Textform (z.B. E-Mail, Telefax oder Brief) widerrufen. Die Frist beginnt, nachdem Sie den Versicherungsschein, die Vertragsbestimmungen einschlie\u00dflich der Allgemeinen Versicherungsbedingungen, die weiteren Informationen nach \u00a7 7 Abs. 1 und 2 des Versicherungsvertragsgesetzes in Verbindung mit den \u00a7\u00a7 1 bis 4 der&nbsp;VVG-Informationspflichtenverordnung und diese Belehrung jeweils in Textform (z.B. E-Mail, Telefax oder Brief) erhalten haben, jedoch nicht vor Erf\u00fcllung unserer Pflichten gem\u00e4\u00df \u00a7 312 i Abs. 1 Satz 1 des B\u00fcrgerlichen Gesetzbuches in Verbindung mit Artikel 246 c des Einf\u00fchrungsgesetzes zum B\u00fcrgerlichen Gesetzbuch. Zur Wahrung der Widerrufsfrist gen\u00fcgt die rechtzeitige Absendung des Widerrufs. Der Widerruf ist als Vertreter der Versicherer zu richten an:<\/p>\n\n\n\n<p>CARISMA\u00a0Assecuradeur GmbH, Herrengraben3, 20459 Hamburg, Fax: +49 (0) 40 4011337-99, E-Mail: widerruf@carisma.auto<\/p>\n\n\n\n<p>Widerrufsfolgen<br>Im Falle eines wirksamen Widerrufs endet der Versicherungsschutz, und wir erstatten Ihnen den auf die Zeit nach Zugang des Widerrufs entfallenden Teil des Beitrags, wenn Sie zugestimmt haben, dass der Versicherungsschutz vor dem Ende der Widerrufsfrist beginnt. Den Teil des Beitrags, der auf die Zeit bis zum Zugang des Widerrufs entf\u00e4llt, d\u00fcrfen wir in diesem Fall einbehalten. Dieser Betrag ermittelt sich wie folgt:<br>Anzahl der Tage, an denen Versicherungsschutz bestand, multipliziert mit \u2013 je nach vereinbarter Zahlungsperiode \u2013 1\/360 des Jahresbeitrags bzw. 1\/180 des Halbjahresbeitrags bzw. 1\/90 des Vierteljahresbeitrags bzw. 1\/30 des Monatsbeitrags.<br>Die Erstattung zur\u00fcckzuzahlender Betr\u00e4ge erfolgt unverz\u00fcglich, sp\u00e4testens 30 Tage nach Zugang des Widerrufs.<br>Beginnt der Versicherungsschutz nicht vor dem Ende der Widerrufsfrist, hat der wirksame Widerruf zur Folge, dass empfangene Leistungen zur\u00fcck zu gew\u00e4hren und gezogene Nutzungen (z. B. Zinsen) herauszugeben sind.<br>Haben Sie Ihr Widerrufsrecht nach \u00a7 8 des Versicherungsvertragsgesetzes wirksam ausge\u00fcbt, sind Sie auch an einen mit dem Versicherungsvertrag zusammenh\u00e4ngenden Vertrag nicht mehr gebunden. Ein zusammenh\u00e4ngender Vertrag liegt vor, wenn er einen Bezug zu dem widerrufenen Vertrag aufweist und eine Dienstleistung des Versicherers oder eines Dritten auf der Grundlage einer Vereinbarung zwischen dem Dritten und dem Versicherer betrifft. Eine Vertragsstrafe darf weder vereinbart noch verlangt werden.<\/p>\n\n\n\n<p>Besondere Hinweise<br>Ihr Widerrufsrecht erlischt, wenn der Vertrag auf Ihren ausdr\u00fccklichen Wunsch sowohl von Ihnen als auch von uns vollst\u00e4ndig erf\u00fcllt ist, bevor Sie Ihr Widerrufsrecht ausge\u00fcbt haben.<br>Ende der Widerrufsbelehrung<\/p>\n\n\n\n<p><strong>Information \u00fcber die vorl\u00e4ufige Deckung in der Kfz-Versicherung<\/strong><\/p>\n\n\n\n<p>Sofern der Versicherer Ihren Antrag unver\u00e4ndert angenommen hat und Sie den Versicherungsschein nicht durch rechtzeitige Zahlung des Erstbeitrags (unverz\u00fcglich nach Ablauf von zwei Wochen nach Zugang des Versicherungsscheins) eingel\u00f6st haben, entf\u00e4llt der Vertrag \u00fcber die vorl\u00e4ufige Deckung r\u00fcckwirkend.<br>Sie k\u00f6nnen dann keine Anspr\u00fcche gegen\u00fcber dem Versicherer aus dem Vertrag mehr geltend machen.<br>Dar\u00fcber hinaus ist der Versicherer berechtigt, bereits erbrachte Leistungen aus diesem Vertrag von Ihnen zur\u00fcckzufordern. Neuen Versicherungsschutz erhalten Sie erst ab dem Zeitpunkt, an dem Sie die geforderte Pr\u00e4mie gezahlt haben.<br>Wenn Sie allerdings den Versicherungsschein unverschuldet nicht rechtzeitig eingel\u00f6st haben, bleibt der vorl\u00e4ufige Versicherungsschutz dennoch bestehen, falls Sie die Zahlung unverz\u00fcglich nachholen.<\/p>\n\n\n\n<p><strong>Einzugserm\u00e4chtigung<\/strong><\/p>\n\n\n\n<p>Sofern Zahlungen mittels Lastschrift eingezogen werden sollen, ben\u00f6tigen wir Ihr Einverst\u00e4ndnis in Form des komplett ausgef\u00fcllten und unterschriebenen&nbsp;SEPA-Lastschriftmandates. Das&nbsp;SEPA-Lastschriftmandat ist als Anlage beigef\u00fcgt.<\/p>\n\n\n\n<p>Information und Einwilligung zur Datenverarbeitung<\/p>\n\n\n\n<p><strong>Bundesdatenschutzgesetz<\/strong><\/p>\n\n\n\n<p>Das Bundesdatenschutzgesetz erlaubt es unter bestimmten Voraussetzungen, dass personenbezogene Daten gespeichert und verarbeitet werden d\u00fcrfen.<br>Im Rahmen unserer T\u00e4tigkeiten ist es erforderlich, dass wir, d.h. die Carisma Assecuradeur GmbH, Ihre personenbezogenen Daten in unserer&nbsp;EDV&nbsp;verarbeiten und ggf. an Dritte weitergeben bzw. von Dritten in Empfang nehmen und ebenfalls speichern bzw. weiterverarbeiten. Die Art und der Umfang der jeweils erforderlichen Daten h\u00e4ngen vom gew\u00fcnschten bzw. bestehenden Versicherungsschutz und unserem dementsprechenden Dienstleistungsspektrum ab.<br>Es k\u00f6nnen z.B. folgende Daten von Ihnen erfragt, von uns gespeichert und genutzt und an Dritte weitergegeben oder durch uns von Dritten abgefragt werden:<br>Name, Anschrift, Geburtsdatum, Telefonnummer, Faxnummer, E-Mail, Familienstand, Beruf, Gesundheitsdaten, Objektdaten, Unternehmensdaten, Einkommen, Umsatz, steuerliche Daten, sonstige pers\u00f6nliche oder wirtschaftliche Verh\u00e4ltnisse, sowie Vertragsdaten \u00fcber bestehende oder beendete Vertr\u00e4ge.<br>Wir sch\u00fctzen Ihre Daten gegen unbefugten Zugriff und unbefugte Weitergabe. Unsere Mitarbeiter, die mit der Verarbeitung ihrer Daten befasst sein k\u00f6nnen, sind auf die Wahrung des Datengeheimnisses nach \u00a7 5&nbsp;BDSG&nbsp;verpflichtet.<\/p>\n\n\n\n<p>Im Rahmen des Austausches von Daten kommen insbesondere folgende Kategorien von Dritten in Betracht:<\/p>\n\n\n\n<p>o Versicherer, hier speziell die XL Insurance Company SE, Direktion f\u00fcr Deutschland sowie die W\u00fcrttembergische Versicherung AG (siehe nachfolgend)<br>o R\u00fcckversicherer<br>o Kooperierende Versicherungsmakler und\/oder Maklerpools<br>o Technische Dienstleister, insbesondere Kfz-Sachverst\u00e4ndige (z.B. Classic Data GmbH)<br>o Untervermittler<br>o Tippgeber<br>o Rechtsanw\u00e4lte, Steuerberater, Wirtschaftspr\u00fcfer<br>o Versicherungs-Ombudsm\u00e4nner<br>o Bundesanstalt f\u00fcr Finanzdienstleistungsaufsicht (BaFin)<br>o Dienstleister zur Bonit\u00e4tspr\u00fcfung (z.B.&nbsp;SCHUFA, Infoscore Consumer Data GmbH, Creditreform Boniversum GmbH etc.)<\/p>\n\n\n\n<p><strong>Einwilligungserkl\u00e4rung zur Datennutzung und Widerruf<\/strong><\/p>\n\n\n\n<p>Ich wurde dar\u00fcber informiert, dass die von mir aufgegebenen und oder auch durch Dritte erhobenen oder an Dritte weitergegebenen Daten die im Zusammenhang mit dem von mir hier beantragen Versicherungsschutz stehen, f\u00fcr die daf\u00fcr entsprechend notwendige Verarbeitung und zuk\u00fcnftige Verwaltung bzw. Weiterverarbeitung, wie oben dargestellt, gespeichert und genutzt und weiterverarbeitet werden. Dieser gesamte Prozess geschieht unter der Einhaltung der daf\u00fcr n\u00f6tigen Vorgaben und Richtlinien durch das Bundesdatenschutzgesetz.<\/p>\n\n\n\n<p>&#8211; Hiermit erkl\u00e4re ich meine Einwilligung, dass meine Daten gem\u00e4\u00df obiger Darstellung bzw. im Rahmen des Bundesdatenschutzgesetzes gespeichert und genutzt werden.<\/p>\n\n\n\n<p>Mir ist bekannt, dass ich diese Einwilligung jederzeit, ganz oder teilweise, f\u00fcr die Zukunft widerrufen kann. Mir ist ebenfalls bekannt, dass der Widerruf dazu f\u00fchren kann, dass der Versicherer und oder Carisma im Rahmen des hier beantragen Versicherungsschutzes ihre zugesicherten auch zuk\u00fcnftigen Dienstleistungen nicht mehr erbringen k\u00f6nnen. Bei einem Widerruf werden meine Daten entweder gel\u00f6scht oder zun\u00e4chst gesperrt. Dies h\u00e4ngt von folgenden Umst\u00e4nden ab: Personenbezogene Daten werden unverz\u00fcglich gel\u00f6scht, wenn die Verarbeitung nicht zul\u00e4ssig war oder sich aufgrund nachtr\u00e4glicher Umst\u00e4nde als unzul\u00e4ssig erweist oder die Kenntnis der Daten zur Erf\u00fcllung der Aufgaben des Versicherers oder Carisma nicht mehr erforderlich ist. Anstelle der L\u00f6schung tritt eine Sperrung, soweit der L\u00f6schung gesetzliche, satzungsm\u00e4\u00dfige oder vertragliche Aufbewahrungsfristen entgegenstehen. Eine l\u00e4ngerfristige Speicherung von personenbezogenen Daten kann insbesondere aufgrund der nach dem Versicherungsvertragsgesetz dem Versicherer oder Versicherungsvermittler obliegenden Dokumentationspflichten, bzw. als etwaiges Beweismittel, erforderlich sein. Eine Sperrung gilt auch dann als zweckm\u00e4\u00dfig, wenn eine L\u00f6schung nicht oder nur mit unverh\u00e4ltnism\u00e4\u00dfigem Aufwand m\u00f6glich w\u00e4re oder schutzw\u00fcrdige Interessen der Betroffenen beeintr\u00e4chtigt w\u00fcrden. Die Daten werden ferner gesperrt, soweit ihre Richtigkeit vom Betroffenen bestritten wird und sich weder die Richtigkeit noch Unrichtigkeit feststellen l\u00e4sst.<\/p>\n\n\n\n<p><strong>Beratungsverzichtserkl\u00e4rung<\/strong><br>.<br>Aufgrund des Versicherungsvertragsgesetzes sowie der geltenden EU-Vermittlerrichtlinien weist die Carisma Assecuradeur GmbH darauf hin, dass nur Angebote der Versicherer, mit denen die Carisma Assecuradeur GmbH im Bereich der Kfz-Versicherung und im Rahmen der eigenen Deckungskonzepte zusammenarbeitet, unterbreitet werden. Eine weitergehende Beratung in Hinsicht auf andere Versicherer und \/ oder Versicherungssparten und \/ oder Kfz-Risiken wird nicht durchgef\u00fchrt. Dieses kann sich f\u00fcr den Versicherungsnehmer nachteilig auf die M\u00f6glichkeit auswirken, gegen die Versicherer und den Versicherungsvermittler Schadenersatzanspr\u00fcche geltend zu machen.<\/p>\n\n\n\n<p>Mit Ihrer Antragstellung erkl\u00e4ren Sie zugleich Ihren Verzicht auf eine weitergehende Beratung.<\/p>\n","protected":false},"excerpt":{"rendered":"<p>Vertragliche Hinweise Sehr geehrter&nbsp;CARISMA&nbsp;Kunde! Bitte beachten Sie folgende rechtliche Hinweise: Hinweise zum Vertragsabschluss Ihr Antrag stellt ein Angebot an uns zum Abschluss eines Versicherungsvertrages dar. Durch Ausf\u00fcllen der notwendigen Felder und Abschicken Ihrer Informationen durch Anklicken des Buttons \u201eWeiter zur eVB und Ihrem Versicherungsantrag\u201c haben Sie ein f\u00fcr Sie verbindliches Angebot zum Abschluss eines Kfz-Versicherungsvertrages [&hellip;]<\/p>\n","protected":false},"author":2,"featured_media":0,"parent":0,"menu_order":0,"comment_status":"closed","ping_status":"closed","template":"","meta":{"footnotes":""},"class_list":["post-26","page","type-page","status-publish","hentry"],"yoast_head":"<!-- This site is optimized with the Yoast SEO plugin v26.9 - https:\/\/yoast.com\/product\/yoast-seo-wordpress\/ -->\n<title>Vertragliche Hinweise - CARISMA<\/title>\n<meta name=\"robots\" content=\"index, follow, max-snippet:-1, max-image-preview:large, max-video-preview:-1\" \/>\n<link rel=\"canonical\" href=\"https:\/\/carisma.auto\/?page_id=26\" \/>\n<meta property=\"og:locale\" content=\"en_US\" \/>\n<meta property=\"og:type\" content=\"article\" \/>\n<meta property=\"og:title\" content=\"Vertragliche Hinweise - CARISMA\" \/>\n<meta property=\"og:description\" content=\"Vertragliche Hinweise Sehr geehrter&nbsp;CARISMA&nbsp;Kunde! Bitte beachten Sie folgende rechtliche Hinweise: Hinweise zum Vertragsabschluss Ihr Antrag stellt ein Angebot an uns zum Abschluss eines Versicherungsvertrages dar. Durch Ausf\u00fcllen der notwendigen Felder und Abschicken Ihrer Informationen durch Anklicken des Buttons \u201eWeiter zur eVB und Ihrem Versicherungsantrag\u201c haben Sie ein f\u00fcr Sie verbindliches Angebot zum Abschluss eines Kfz-Versicherungsvertrages [&hellip;]\" \/>\n<meta property=\"og:url\" content=\"https:\/\/carisma.auto\/?page_id=26\" \/>\n<meta property=\"og:site_name\" content=\"CARISMA\" \/>\n<meta property=\"article:modified_time\" content=\"2026-02-20T14:04:49+00:00\" \/>\n<meta name=\"twitter:card\" content=\"summary_large_image\" \/>\n<meta name=\"twitter:label1\" content=\"Est. reading time\" \/>\n\t<meta name=\"twitter:data1\" content=\"6 minutes\" \/>\n<script type=\"application\/ld+json\" class=\"yoast-schema-graph\">{\"@context\":\"https:\/\/schema.org\",\"@graph\":[{\"@type\":\"WebPage\",\"@id\":\"https:\/\/carisma.auto\/?page_id=26\",\"url\":\"https:\/\/carisma.auto\/?page_id=26\",\"name\":\"Vertragliche Hinweise - CARISMA\",\"isPartOf\":{\"@id\":\"https:\/\/carisma.auto\/#website\"},\"datePublished\":\"2021-05-24T21:43:27+00:00\",\"dateModified\":\"2026-02-20T14:04:49+00:00\",\"breadcrumb\":{\"@id\":\"https:\/\/carisma.auto\/?page_id=26#breadcrumb\"},\"inLanguage\":\"en-US\",\"potentialAction\":[{\"@type\":\"ReadAction\",\"target\":[\"https:\/\/carisma.auto\/?page_id=26\"]}]},{\"@type\":\"BreadcrumbList\",\"@id\":\"https:\/\/carisma.auto\/?page_id=26#breadcrumb\",\"itemListElement\":[{\"@type\":\"ListItem\",\"position\":1,\"name\":\"Home\",\"item\":\"https:\/\/carisma.auto\/\"},{\"@type\":\"ListItem\",\"position\":2,\"name\":\"Vertragliche Hinweise\"}]},{\"@type\":\"WebSite\",\"@id\":\"https:\/\/carisma.auto\/#website\",\"url\":\"https:\/\/carisma.auto\/\",\"name\":\"CARISMA\",\"description\":\"Classic Cars einfach richtig gut versichert\",\"potentialAction\":[{\"@type\":\"SearchAction\",\"target\":{\"@type\":\"EntryPoint\",\"urlTemplate\":\"https:\/\/carisma.auto\/?s={search_term_string}\"},\"query-input\":{\"@type\":\"PropertyValueSpecification\",\"valueRequired\":true,\"valueName\":\"search_term_string\"}}],\"inLanguage\":\"en-US\"}]}<\/script>\n<!-- \/ Yoast SEO plugin. -->","yoast_head_json":{"title":"Vertragliche Hinweise - CARISMA","robots":{"index":"index","follow":"follow","max-snippet":"max-snippet:-1","max-image-preview":"max-image-preview:large","max-video-preview":"max-video-preview:-1"},"canonical":"https:\/\/carisma.auto\/?page_id=26","og_locale":"en_US","og_type":"article","og_title":"Vertragliche Hinweise - CARISMA","og_description":"Vertragliche Hinweise Sehr geehrter&nbsp;CARISMA&nbsp;Kunde! Bitte beachten Sie folgende rechtliche Hinweise: Hinweise zum Vertragsabschluss Ihr Antrag stellt ein Angebot an uns zum Abschluss eines Versicherungsvertrages dar. Durch Ausf\u00fcllen der notwendigen Felder und Abschicken Ihrer Informationen durch Anklicken des Buttons \u201eWeiter zur eVB und Ihrem Versicherungsantrag\u201c haben Sie ein f\u00fcr Sie verbindliches Angebot zum Abschluss eines Kfz-Versicherungsvertrages [&hellip;]","og_url":"https:\/\/carisma.auto\/?page_id=26","og_site_name":"CARISMA","article_modified_time":"2026-02-20T14:04:49+00:00","twitter_card":"summary_large_image","twitter_misc":{"Est. reading time":"6 minutes"},"schema":{"@context":"https:\/\/schema.org","@graph":[{"@type":"WebPage","@id":"https:\/\/carisma.auto\/?page_id=26","url":"https:\/\/carisma.auto\/?page_id=26","name":"Vertragliche Hinweise - CARISMA","isPartOf":{"@id":"https:\/\/carisma.auto\/#website"},"datePublished":"2021-05-24T21:43:27+00:00","dateModified":"2026-02-20T14:04:49+00:00","breadcrumb":{"@id":"https:\/\/carisma.auto\/?page_id=26#breadcrumb"},"inLanguage":"en-US","potentialAction":[{"@type":"ReadAction","target":["https:\/\/carisma.auto\/?page_id=26"]}]},{"@type":"BreadcrumbList","@id":"https:\/\/carisma.auto\/?page_id=26#breadcrumb","itemListElement":[{"@type":"ListItem","position":1,"name":"Home","item":"https:\/\/carisma.auto\/"},{"@type":"ListItem","position":2,"name":"Vertragliche Hinweise"}]},{"@type":"WebSite","@id":"https:\/\/carisma.auto\/#website","url":"https:\/\/carisma.auto\/","name":"CARISMA","description":"Classic Cars einfach richtig gut versichert","potentialAction":[{"@type":"SearchAction","target":{"@type":"EntryPoint","urlTemplate":"https:\/\/carisma.auto\/?s={search_term_string}"},"query-input":{"@type":"PropertyValueSpecification","valueRequired":true,"valueName":"search_term_string"}}],"inLanguage":"en-US"}]}},"featured_image_src":null,"featured_image_src_square":null,"_links":{"self":[{"href":"https:\/\/carisma.auto\/index.php?rest_route=\/wp\/v2\/pages\/26","targetHints":{"allow":["GET"]}}],"collection":[{"href":"https:\/\/carisma.auto\/index.php?rest_route=\/wp\/v2\/pages"}],"about":[{"href":"https:\/\/carisma.auto\/index.php?rest_route=\/wp\/v2\/types\/page"}],"author":[{"embeddable":true,"href":"https:\/\/carisma.auto\/index.php?rest_route=\/wp\/v2\/users\/2"}],"replies":[{"embeddable":true,"href":"https:\/\/carisma.auto\/index.php?rest_route=%2Fwp%2Fv2%2Fcomments&post=26"}],"version-history":[{"count":2,"href":"https:\/\/carisma.auto\/index.php?rest_route=\/wp\/v2\/pages\/26\/revisions"}],"predecessor-version":[{"id":1579,"href":"https:\/\/carisma.auto\/index.php?rest_route=\/wp\/v2\/pages\/26\/revisions\/1579"}],"wp:attachment":[{"href":"https:\/\/carisma.auto\/index.php?rest_route=%2Fwp%2Fv2%2Fmedia&parent=26"}],"curies":[{"name":"wp","href":"https:\/\/api.w.org\/{rel}","templated":true}]}}